{"id":1681,"date":"2025-09-18T14:43:06","date_gmt":"2025-09-18T14:43:06","guid":{"rendered":"https:\/\/phnxcorp.ai\/?page_id=1681"},"modified":"2025-11-17T14:23:40","modified_gmt":"2025-11-17T14:23:40","slug":"legal-notices","status":"publish","type":"page","link":"https:\/\/phnxcorp.ai\/ara\/legal-notices\/","title":{"rendered":"Legal notices"},"content":{"rendered":"\t\t<div data-elementor-type=\"wp-page\" data-elementor-id=\"1681\" class=\"elementor elementor-1681\" data-elementor-post-type=\"page\">\n\t\t\t\t<div class=\"elementor-element elementor-element-c133e33 e-flex e-con-boxed wpr-particle-no wpr-jarallax-no wpr-parallax-no wpr-sticky-section-no e-con e-parent\" data-id=\"c133e33\" data-element_type=\"container\" data-e-type=\"container\">\n\t\t\t\t\t<div class=\"e-con-inner\">\n\t\t\t\t<div class=\"elementor-element elementor-element-eb8b266 elementor-widget elementor-widget-heading\" data-id=\"eb8b266\" data-element_type=\"widget\" data-e-type=\"widget\" data-widget_type=\"heading.default\">\n\t\t\t\t\t<h2 class=\"elementor-heading-title elementor-size-default\">Legal notices \u2013 PHNX Corp\u2122<\/h2>\t\t\t\t<\/div>\n\t\t\t\t\t<\/div>\n\t\t\t\t<\/div>\n\t\t<div class=\"elementor-element elementor-element-2395428 e-flex e-con-boxed wpr-particle-no wpr-jarallax-no wpr-parallax-no wpr-sticky-section-no e-con e-parent\" data-id=\"2395428\" data-element_type=\"container\" data-e-type=\"container\">\n\t\t\t\t\t<div class=\"e-con-inner\">\n\t\t\t\t<div class=\"elementor-element elementor-element-062c931 elementor-widget elementor-widget-heading\" data-id=\"062c931\" data-element_type=\"widget\" data-e-type=\"widget\" data-widget_type=\"heading.default\">\n\t\t\t\t\t<h2 class=\"elementor-heading-title elementor-size-default\">1. \u00c9diteur du site<\/h2>\t\t\t\t<\/div>\n\t\t\t\t<div class=\"elementor-element elementor-element-6183343 elementor-widget elementor-widget-text-editor\" data-id=\"6183343\" data-element_type=\"widget\" data-e-type=\"widget\" data-widget_type=\"text-editor.default\">\n\t\t\t\t\t\t\t\t\t<p data-start=\"251\" data-end=\"481\">Le site <strong data-start=\"222\" data-end=\"236\">PHNX Corp\u2122<\/strong> est \u00e9dit\u00e9 par : <strong data-start=\"255\" data-end=\"269\">PHNX Corp\u2122<\/strong><br data-start=\"269\" data-end=\"272\" \/>Si\u00e8ge social : [Adresse compl\u00e8te \u00e0 Duba\u00ef]<br data-start=\"316\" data-end=\"319\" \/>Email : [<a class=\"decorated-link cursor-pointer\" rel=\"noopener\">contact@phnxcorp.com<\/a>]<br data-start=\"352\" data-end=\"355\" \/>T\u00e9l\u00e9phone : [num\u00e9ro si souhait\u00e9]<\/p>\t\t\t\t\t\t\t\t<\/div>\n\t\t\t\t\t<\/div>\n\t\t\t\t<\/div>\n\t\t<div class=\"elementor-element elementor-element-024d41d e-flex e-con-boxed wpr-particle-no wpr-jarallax-no wpr-parallax-no wpr-sticky-section-no e-con e-parent\" data-id=\"024d41d\" data-element_type=\"container\" data-e-type=\"container\">\n\t\t\t\t\t<div class=\"e-con-inner\">\n\t\t\t\t<div class=\"elementor-element elementor-element-9b79daa elementor-widget elementor-widget-heading\" data-id=\"9b79daa\" data-element_type=\"widget\" data-e-type=\"widget\" data-widget_type=\"heading.default\">\n\t\t\t\t\t<h2 class=\"elementor-heading-title elementor-size-default\">2. Responsable de la publication<\/h2>\t\t\t\t<\/div>\n\t\t\t\t<div class=\"elementor-element elementor-element-f498704 elementor-widget elementor-widget-text-editor\" data-id=\"f498704\" data-element_type=\"widget\" data-e-type=\"widget\" data-widget_type=\"text-editor.default\">\n\t\t\t\t\t\t\t\t\t<p data-start=\"750\" data-end=\"790\">[Nom et pr\u00e9nom du repr\u00e9sentant l\u00e9gal de PHNX Corp\u2122]<br data-start=\"483\" data-end=\"486\" \/>Contact : [adresse e-mail de contact]<\/p>\t\t\t\t\t\t\t\t<\/div>\n\t\t\t\t\t<\/div>\n\t\t\t\t<\/div>\n\t\t<div class=\"elementor-element elementor-element-219167b e-flex e-con-boxed wpr-particle-no wpr-jarallax-no wpr-parallax-no wpr-sticky-section-no e-con e-parent\" data-id=\"219167b\" data-element_type=\"container\" data-e-type=\"container\">\n\t\t\t\t\t<div class=\"e-con-inner\">\n\t\t\t\t<div class=\"elementor-element elementor-element-d6d9cc4 elementor-widget elementor-widget-heading\" data-id=\"d6d9cc4\" data-element_type=\"widget\" data-e-type=\"widget\" data-widget_type=\"heading.default\">\n\t\t\t\t\t<h2 class=\"elementor-heading-title elementor-size-default\">3. H\u00e9bergeur<\/h2>\t\t\t\t<\/div>\n\t\t\t\t<div class=\"elementor-element elementor-element-fb2b49f elementor-widget elementor-widget-text-editor\" data-id=\"fb2b49f\" data-element_type=\"widget\" data-e-type=\"widget\" data-widget_type=\"text-editor.default\">\n\t\t\t\t\t\t\t\t\t<p data-start=\"1109\" data-end=\"1152\">Le site est h\u00e9berg\u00e9 par : <strong data-start=\"567\" data-end=\"592\">Infomaniak Network SA<\/strong>Rue Eug\u00e8ne-Marziano 25, 1227 Gen\u00e8ve, Suisse<br data-start=\"641\" data-end=\"644\" \/><a class=\"decorated-link cursor-pointer\" target=\"_new\" rel=\"noopener\" data-start=\"647\" data-end=\"703\">https:\/\/www.infomaniak.com<\/a><\/p>\t\t\t\t\t\t\t\t<\/div>\n\t\t\t\t\t<\/div>\n\t\t\t\t<\/div>\n\t\t<div class=\"elementor-element elementor-element-14ebe5f e-flex e-con-boxed wpr-particle-no wpr-jarallax-no wpr-parallax-no wpr-sticky-section-no e-con e-parent\" data-id=\"14ebe5f\" data-element_type=\"container\" data-e-type=\"container\">\n\t\t\t\t\t<div class=\"e-con-inner\">\n\t\t\t\t<div class=\"elementor-element elementor-element-e199b0b elementor-widget elementor-widget-heading\" data-id=\"e199b0b\" data-element_type=\"widget\" data-e-type=\"widget\" data-widget_type=\"heading.default\">\n\t\t\t\t\t<h2 class=\"elementor-heading-title elementor-size-default\">4. Propri\u00e9t\u00e9 intellectuelle<\/h2>\t\t\t\t<\/div>\n\t\t\t\t<div class=\"elementor-element elementor-element-d2ccddd elementor-widget elementor-widget-text-editor\" data-id=\"d2ccddd\" data-element_type=\"widget\" data-e-type=\"widget\" data-widget_type=\"text-editor.default\">\n\t\t\t\t\t\t\t\t\t<p data-start=\"1488\" data-end=\"1574\">L\u2019ensemble du contenu du site <strong data-start=\"770\" data-end=\"784\">PHNX Corp\u2122<\/strong> (textes, images, vid\u00e9os, logos, \u00e9l\u00e9ments graphiques) est prot\u00e9g\u00e9 par le droit de la propri\u00e9t\u00e9 intellectuelle.<br data-start=\"894\" data-end=\"897\" \/>Toute reproduction, repr\u00e9sentation, modification, diffusion ou exploitation sans autorisation pr\u00e9alable est interdite.<\/p>\t\t\t\t\t\t\t\t<\/div>\n\t\t\t\t\t<\/div>\n\t\t\t\t<\/div>\n\t\t<div class=\"elementor-element elementor-element-7235a72 e-flex e-con-boxed wpr-particle-no wpr-jarallax-no wpr-parallax-no wpr-sticky-section-no e-con e-parent\" data-id=\"7235a72\" data-element_type=\"container\" data-e-type=\"container\">\n\t\t\t\t\t<div class=\"e-con-inner\">\n\t\t\t\t<div class=\"elementor-element elementor-element-b3382b3 elementor-widget elementor-widget-heading\" data-id=\"b3382b3\" data-element_type=\"widget\" data-e-type=\"widget\" data-widget_type=\"heading.default\">\n\t\t\t\t\t<h2 class=\"elementor-heading-title elementor-size-default\">5. Donn\u00e9es personnelles<\/h2>\t\t\t\t<\/div>\n\t\t\t\t<div class=\"elementor-element elementor-element-195eb36 elementor-widget elementor-widget-text-editor\" data-id=\"195eb36\" data-element_type=\"widget\" data-e-type=\"widget\" data-widget_type=\"text-editor.default\">\n\t\t\t\t\t\t\t\t\t<p>Les informations relatives \u00e0 la collecte et au traitement des donn\u00e9es personnelles des utilisateurs sont pr\u00e9cis\u00e9es dans notre <a href=\"https:\/\/phnxcorp.ai\/privacy-policy\/\">Politique de confidentialit\u00e9<\/a>.<\/p>\t\t\t\t\t\t\t\t<\/div>\n\t\t\t\t\t<\/div>\n\t\t\t\t<\/div>\n\t\t<div class=\"elementor-element elementor-element-58d6208 e-flex e-con-boxed wpr-particle-no wpr-jarallax-no wpr-parallax-no wpr-sticky-section-no e-con e-parent\" data-id=\"58d6208\" data-element_type=\"container\" data-e-type=\"container\">\n\t\t\t\t\t<div class=\"e-con-inner\">\n\t\t\t\t<div class=\"elementor-element elementor-element-37fcd3f elementor-widget elementor-widget-heading\" data-id=\"37fcd3f\" data-element_type=\"widget\" data-e-type=\"widget\" data-widget_type=\"heading.default\">\n\t\t\t\t\t<h2 class=\"elementor-heading-title elementor-size-default\">6. Cookies<\/h2>\t\t\t\t<\/div>\n\t\t\t\t<div class=\"elementor-element elementor-element-0ac3eb9 elementor-widget elementor-widget-text-editor\" data-id=\"0ac3eb9\" data-element_type=\"widget\" data-e-type=\"widget\" data-widget_type=\"text-editor.default\">\n\t\t\t\t\t\t\t\t\t<p data-start=\"1829\" data-end=\"1899\">Le site peut utiliser des cookies pour am\u00e9liorer l\u2019exp\u00e9rience utilisateur, analyser le trafic et proposer des services adapt\u00e9s. Pour en savoir plus, consultez notre <a href=\"https:\/\/phnxcorp.ai\/privacy-policy\/\">Politique de confidentialit\u00e9<\/a>.<\/p>\t\t\t\t\t\t\t\t<\/div>\n\t\t\t\t\t<\/div>\n\t\t\t\t<\/div>\n\t\t<div class=\"elementor-element elementor-element-05d593a e-flex e-con-boxed wpr-particle-no wpr-jarallax-no wpr-parallax-no wpr-sticky-section-no e-con e-parent\" data-id=\"05d593a\" data-element_type=\"container\" data-e-type=\"container\">\n\t\t\t\t\t<div class=\"e-con-inner\">\n\t\t\t\t<div class=\"elementor-element elementor-element-602e426 elementor-widget elementor-widget-heading\" data-id=\"602e426\" data-element_type=\"widget\" data-e-type=\"widget\" data-widget_type=\"heading.default\">\n\t\t\t\t\t<h2 class=\"elementor-heading-title elementor-size-default\">7. Limitation de responsabilit\u00e9<\/h2>\t\t\t\t<\/div>\n\t\t\t\t<div class=\"elementor-element elementor-element-4a0f1c8 elementor-widget elementor-widget-text-editor\" data-id=\"4a0f1c8\" data-element_type=\"widget\" data-e-type=\"widget\" data-widget_type=\"text-editor.default\">\n\t\t\t\t\t\t\t\t\t<p data-start=\"2450\" data-end=\"2543\">PHNX Corp\u2122 s\u2019efforce de fournir des informations fiables et \u00e0 jour sur son site. Toutefois, nous ne pouvons garantir l\u2019exactitude, la compl\u00e9tude ou l\u2019actualit\u00e9 des informations diffus\u00e9es.<br data-start=\"1687\" data-end=\"1690\" \/>L\u2019utilisateur reconna\u00eet utiliser ces informations sous sa responsabilit\u00e9 exclusive.<\/p>\t\t\t\t\t\t\t\t<\/div>\n\t\t\t\t\t<\/div>\n\t\t\t\t<\/div>\n\t\t<div class=\"elementor-element elementor-element-24f9022 e-flex e-con-boxed wpr-particle-no wpr-jarallax-no wpr-parallax-no wpr-sticky-section-no e-con e-parent\" data-id=\"24f9022\" data-element_type=\"container\" data-e-type=\"container\">\n\t\t\t\t\t<div class=\"e-con-inner\">\n\t\t\t\t<div class=\"elementor-element elementor-element-ca3e7f5 elementor-widget elementor-widget-heading\" data-id=\"ca3e7f5\" data-element_type=\"widget\" data-e-type=\"widget\" data-widget_type=\"heading.default\">\n\t\t\t\t\t<h2 class=\"elementor-heading-title elementor-size-default\">8. Droit applicable<\/h2>\t\t\t\t<\/div>\n\t\t\t\t<div class=\"elementor-element elementor-element-902e556 elementor-widget elementor-widget-text-editor\" data-id=\"902e556\" data-element_type=\"widget\" data-e-type=\"widget\" data-widget_type=\"text-editor.default\">\n\t\t\t\t\t\t\t\t\t<p data-start=\"2450\" data-end=\"2543\">La pr\u00e9sente notice l\u00e9gale est soumise au droit en vigueur aux <strong data-start=\"1864\" data-end=\"1887\">\u00c9mirats Arabes Unis<\/strong>. En cas de litige, et sauf disposition l\u00e9gale contraire, les tribunaux comp\u00e9tents seront ceux du ressort de Duba\u00ef.<\/p>\t\t\t\t\t\t\t\t<\/div>\n\t\t\t\t\t<\/div>\n\t\t\t\t<\/div>\n\t\t<div class=\"elementor-element elementor-element-202126e e-flex e-con-boxed wpr-particle-no wpr-jarallax-no wpr-parallax-no wpr-sticky-section-no e-con e-parent\" data-id=\"202126e\" data-element_type=\"container\" data-e-type=\"container\">\n\t\t\t\t\t<div class=\"e-con-inner\">\n\t\t\t\t<div class=\"elementor-element elementor-element-c1e56d1 elementor-widget elementor-widget-heading\" data-id=\"c1e56d1\" data-element_type=\"widget\" data-e-type=\"widget\" data-widget_type=\"heading.default\">\n\t\t\t\t\t<h2 class=\"elementor-heading-title elementor-size-default\">9. Cr\u00e9dits<\/h2>\t\t\t\t<\/div>\n\t\t\t\t<div class=\"elementor-element elementor-element-8b2ac2d elementor-widget elementor-widget-text-editor\" data-id=\"8b2ac2d\" data-element_type=\"widget\" data-e-type=\"widget\" data-widget_type=\"text-editor.default\">\n\t\t\t\t\t\t\t\t\t<p data-start=\"2450\" data-end=\"2543\">Conception et d\u00e9veloppement du site : <strong data-start=\"2060\" data-end=\"2079\">ButterflyEffect<\/strong><br data-start=\"2079\" data-end=\"2082\" \/>Luxembourg \u2013 France<br data-start=\"2104\" data-end=\"2107\" \/><a class=\"decorated-link cursor-pointer\" target=\"_new\" rel=\"noopener\" data-start=\"2110\" data-end=\"2166\">https:\/\/butterflyeffect.lu<\/a><\/p>\t\t\t\t\t\t\t\t<\/div>\n\t\t\t\t\t<\/div>\n\t\t\t\t<\/div>\n\t\t\t\t<\/div>\n\t\t","protected":false},"excerpt":{"rendered":"<p>Legal notices \u2013 PHNX Corp\u2122 1. \u00c9diteur du site Le site PHNX Corp\u2122 est \u00e9dit\u00e9 par : PHNX Corp\u2122Si\u00e8ge social : [Adresse compl\u00e8te \u00e0 Duba\u00ef]Email : [contact@phnxcorp.com]T\u00e9l\u00e9phone : [num\u00e9ro si souhait\u00e9] 2. Responsable de la publication [Nom et pr\u00e9nom du repr\u00e9sentant l\u00e9gal de PHNX Corp\u2122]Contact : [adresse e-mail de contact] 3. H\u00e9bergeur Le site est h\u00e9berg\u00e9 par : Infomaniak Network SARue Eug\u00e8ne-Marziano 25, 1227 Gen\u00e8ve, Suissehttps:\/\/www.infomaniak.com 4. Propri\u00e9t\u00e9 intellectuelle L\u2019ensemble du contenu du site PHNX Corp\u2122 (textes, images, vid\u00e9os, logos, \u00e9l\u00e9ments graphiques) est prot\u00e9g\u00e9 par le droit de la propri\u00e9t\u00e9 intellectuelle.Toute reproduction, repr\u00e9sentation, modification, diffusion ou exploitation sans autorisation pr\u00e9alable est interdite. 5. Donn\u00e9es personnelles Les informations relatives \u00e0 la collecte et au traitement des donn\u00e9es personnelles des utilisateurs sont pr\u00e9cis\u00e9es dans notre Politique de confidentialit\u00e9. 6. Cookies Le site peut utiliser des cookies pour am\u00e9liorer l\u2019exp\u00e9rience utilisateur, analyser le trafic et proposer des services adapt\u00e9s. Pour en savoir plus, consultez notre Politique de confidentialit\u00e9. 7. Limitation de responsabilit\u00e9 PHNX Corp\u2122 s\u2019efforce de fournir des informations fiables et \u00e0 jour sur son site. Toutefois, nous ne pouvons garantir l\u2019exactitude, la compl\u00e9tude ou l\u2019actualit\u00e9 des informations diffus\u00e9es.L\u2019utilisateur reconna\u00eet utiliser ces informations sous sa responsabilit\u00e9 exclusive. 8. Droit applicable La pr\u00e9sente notice l\u00e9gale est soumise au droit en vigueur aux \u00c9mirats Arabes Unis. En cas de litige, et sauf disposition l\u00e9gale contraire, les tribunaux comp\u00e9tents seront ceux du ressort de Duba\u00ef. 9. Cr\u00e9dits Conception et d\u00e9veloppement du site : ButterflyEffectLuxembourg \u2013 Francehttps:\/\/butterflyeffect.lu<\/p>\n","protected":false},"author":1,"featured_media":0,"parent":0,"menu_order":0,"comment_status":"closed","ping_status":"open","template":"","meta":{"footnotes":""},"class_list":["post-1681","page","type-page","status-publish","hentry"],"yoast_head":"<!-- This site is optimized with the Yoast SEO plugin v27.3 - https:\/\/yoast.com\/product\/yoast-seo-wordpress\/ -->\n<title>Legal Notice | PHNX Corp \u2013 Legal Information &amp; Liability<\/title>\n<meta name=\"description\" content=\"Consult the legal notice of PHNX Corp: identity of the publisher, host, terms of use and liability. Transparency and legal compliance.\" \/>\n<meta name=\"robots\" content=\"index, follow, max-snippet:-1, max-image-preview:large, max-video-preview:-1\" \/>\n<link rel=\"canonical\" href=\"https:\/\/phnxcorp.ai\/ara\/legal-notices\/\" \/>\n<meta property=\"og:locale\" content=\"ar_AR\" \/>\n<meta property=\"og:type\" content=\"article\" \/>\n<meta property=\"og:title\" content=\"Legal Notice | PHNX Corp \u2013 Legal Information &amp; Liability\" \/>\n<meta property=\"og:description\" content=\"Consult the legal notice of PHNX Corp: identity of the publisher, host, terms of use and liability. Transparency and legal compliance.\" \/>\n<meta property=\"og:url\" content=\"https:\/\/phnxcorp.ai\/ara\/legal-notices\/\" \/>\n<meta property=\"og:site_name\" content=\"PHNX Corp.\" \/>\n<meta property=\"article:modified_time\" content=\"2025-11-17T14:23:40+00:00\" \/>\n<meta name=\"twitter:card\" content=\"summary_large_image\" \/>\n<meta name=\"twitter:label1\" content=\"\u0648\u0642\u062a \u0627\u0644\u0642\u0631\u0627\u0621\u0629 \u0627\u0644\u0645\u064f\u0642\u062f\u0651\u0631\" \/>\n\t<meta name=\"twitter:data1\" content=\"\u062f\u0642\u064a\u0642\u062a\u0627\u0646\" \/>\n<script type=\"application\/ld+json\" class=\"yoast-schema-graph\">{\"@context\":\"https:\\\/\\\/schema.org\",\"@graph\":[{\"@type\":\"WebPage\",\"@id\":\"https:\\\/\\\/phnxcorp.ai\\\/legal-notices\\\/\",\"url\":\"https:\\\/\\\/phnxcorp.ai\\\/legal-notices\\\/\",\"name\":\"Legal Notice | PHNX Corp \u2013 Legal Information & Liability\",\"isPartOf\":{\"@id\":\"https:\\\/\\\/phnxcorp.ai\\\/#website\"},\"datePublished\":\"2025-09-18T14:43:06+00:00\",\"dateModified\":\"2025-11-17T14:23:40+00:00\",\"description\":\"Consult the legal notice of PHNX Corp: identity of the publisher, host, terms of use and liability. Transparency and legal compliance.\",\"breadcrumb\":{\"@id\":\"https:\\\/\\\/phnxcorp.ai\\\/legal-notices\\\/#breadcrumb\"},\"inLanguage\":\"ar\",\"potentialAction\":[{\"@type\":\"ReadAction\",\"target\":[\"https:\\\/\\\/phnxcorp.ai\\\/legal-notices\\\/\"]}]},{\"@type\":\"BreadcrumbList\",\"@id\":\"https:\\\/\\\/phnxcorp.ai\\\/legal-notices\\\/#breadcrumb\",\"itemListElement\":[{\"@type\":\"ListItem\",\"position\":1,\"name\":\"Accueil\",\"item\":\"https:\\\/\\\/phnxcorp.ai\\\/\"},{\"@type\":\"ListItem\",\"position\":2,\"name\":\"Legal notices\"}]},{\"@type\":\"WebSite\",\"@id\":\"https:\\\/\\\/phnxcorp.ai\\\/#website\",\"url\":\"https:\\\/\\\/phnxcorp.ai\\\/\",\"name\":\"PHNX Corp.\",\"description\":\"\",\"publisher\":{\"@id\":\"https:\\\/\\\/phnxcorp.ai\\\/#organization\"},\"potentialAction\":[{\"@type\":\"SearchAction\",\"target\":{\"@type\":\"EntryPoint\",\"urlTemplate\":\"https:\\\/\\\/phnxcorp.ai\\\/?s={search_term_string}\"},\"query-input\":{\"@type\":\"PropertyValueSpecification\",\"valueRequired\":true,\"valueName\":\"search_term_string\"}}],\"inLanguage\":\"ar\"},{\"@type\":\"Organization\",\"@id\":\"https:\\\/\\\/phnxcorp.ai\\\/#organization\",\"name\":\"PHNX Corp.\",\"url\":\"https:\\\/\\\/phnxcorp.ai\\\/\",\"logo\":{\"@type\":\"ImageObject\",\"inLanguage\":\"ar\",\"@id\":\"https:\\\/\\\/phnxcorp.ai\\\/#\\\/schema\\\/logo\\\/image\\\/\",\"url\":\"https:\\\/\\\/phnxcorp.ai\\\/wp-content\\\/uploads\\\/2025\\\/09\\\/Logo-PHNX-Corp-sf-e1768570644210.png\",\"contentUrl\":\"https:\\\/\\\/phnxcorp.ai\\\/wp-content\\\/uploads\\\/2025\\\/09\\\/Logo-PHNX-Corp-sf-e1768570644210.png\",\"width\":1300,\"height\":530,\"caption\":\"PHNX Corp.\"},\"image\":{\"@id\":\"https:\\\/\\\/phnxcorp.ai\\\/#\\\/schema\\\/logo\\\/image\\\/\"}}]}<\/script>\n<!-- \/ Yoast SEO plugin. -->","yoast_head_json":{"title":"Legal Notice | PHNX Corp \u2013 Legal Information & Liability","description":"Consult the legal notice of PHNX Corp: identity of the publisher, host, terms of use and liability. Transparency and legal compliance.","robots":{"index":"index","follow":"follow","max-snippet":"max-snippet:-1","max-image-preview":"max-image-preview:large","max-video-preview":"max-video-preview:-1"},"canonical":"https:\/\/phnxcorp.ai\/ara\/legal-notices\/","og_locale":"ar_AR","og_type":"article","og_title":"Legal Notice | PHNX Corp \u2013 Legal Information & Liability","og_description":"Consult the legal notice of PHNX Corp: identity of the publisher, host, terms of use and liability. Transparency and legal compliance.","og_url":"https:\/\/phnxcorp.ai\/ara\/legal-notices\/","og_site_name":"PHNX Corp.","article_modified_time":"2025-11-17T14:23:40+00:00","twitter_card":"summary_large_image","twitter_misc":{"\u0648\u0642\u062a \u0627\u0644\u0642\u0631\u0627\u0621\u0629 \u0627\u0644\u0645\u064f\u0642\u062f\u0651\u0631":"\u062f\u0642\u064a\u0642\u062a\u0627\u0646"},"schema":{"@context":"https:\/\/schema.org","@graph":[{"@type":"WebPage","@id":"https:\/\/phnxcorp.ai\/legal-notices\/","url":"https:\/\/phnxcorp.ai\/legal-notices\/","name":"Legal Notice | PHNX Corp \u2013 Legal Information & Liability","isPartOf":{"@id":"https:\/\/phnxcorp.ai\/#website"},"datePublished":"2025-09-18T14:43:06+00:00","dateModified":"2025-11-17T14:23:40+00:00","description":"Consult the legal notice of PHNX Corp: identity of the publisher, host, terms of use and liability. Transparency and legal compliance.","breadcrumb":{"@id":"https:\/\/phnxcorp.ai\/legal-notices\/#breadcrumb"},"inLanguage":"ar","potentialAction":[{"@type":"ReadAction","target":["https:\/\/phnxcorp.ai\/legal-notices\/"]}]},{"@type":"BreadcrumbList","@id":"https:\/\/phnxcorp.ai\/legal-notices\/#breadcrumb","itemListElement":[{"@type":"ListItem","position":1,"name":"Accueil","item":"https:\/\/phnxcorp.ai\/"},{"@type":"ListItem","position":2,"name":"Legal notices"}]},{"@type":"WebSite","@id":"https:\/\/phnxcorp.ai\/#website","url":"https:\/\/phnxcorp.ai\/","name":"PHNX Corp.","description":"","publisher":{"@id":"https:\/\/phnxcorp.ai\/#organization"},"potentialAction":[{"@type":"SearchAction","target":{"@type":"EntryPoint","urlTemplate":"https:\/\/phnxcorp.ai\/?s={search_term_string}"},"query-input":{"@type":"PropertyValueSpecification","valueRequired":true,"valueName":"search_term_string"}}],"inLanguage":"ar"},{"@type":"Organization","@id":"https:\/\/phnxcorp.ai\/#organization","name":"PHNX Corp.","url":"https:\/\/phnxcorp.ai\/","logo":{"@type":"ImageObject","inLanguage":"ar","@id":"https:\/\/phnxcorp.ai\/#\/schema\/logo\/image\/","url":"https:\/\/phnxcorp.ai\/wp-content\/uploads\/2025\/09\/Logo-PHNX-Corp-sf-e1768570644210.png","contentUrl":"https:\/\/phnxcorp.ai\/wp-content\/uploads\/2025\/09\/Logo-PHNX-Corp-sf-e1768570644210.png","width":1300,"height":530,"caption":"PHNX Corp."},"image":{"@id":"https:\/\/phnxcorp.ai\/#\/schema\/logo\/image\/"}}]}},"_links":{"self":[{"href":"https:\/\/phnxcorp.ai\/ara\/wp-json\/wp\/v2\/pages\/1681","targetHints":{"allow":["GET"]}}],"collection":[{"href":"https:\/\/phnxcorp.ai\/ara\/wp-json\/wp\/v2\/pages"}],"about":[{"href":"https:\/\/phnxcorp.ai\/ara\/wp-json\/wp\/v2\/types\/page"}],"author":[{"embeddable":true,"href":"https:\/\/phnxcorp.ai\/ara\/wp-json\/wp\/v2\/users\/1"}],"replies":[{"embeddable":true,"href":"https:\/\/phnxcorp.ai\/ara\/wp-json\/wp\/v2\/comments?post=1681"}],"version-history":[{"count":22,"href":"https:\/\/phnxcorp.ai\/ara\/wp-json\/wp\/v2\/pages\/1681\/revisions"}],"predecessor-version":[{"id":3396,"href":"https:\/\/phnxcorp.ai\/ara\/wp-json\/wp\/v2\/pages\/1681\/revisions\/3396"}],"wp:attachment":[{"href":"https:\/\/phnxcorp.ai\/ara\/wp-json\/wp\/v2\/media?parent=1681"}],"curies":[{"name":"wp","href":"https:\/\/api.w.org\/{rel}","templated":true}]}}